{"id":112,"date":"2021-05-12T12:10:27","date_gmt":"2021-05-12T12:10:27","guid":{"rendered":"https:\/\/creativet.eu\/?page_id=112"},"modified":"2021-05-12T12:12:34","modified_gmt":"2021-05-12T12:12:34","slug":"imprint","status":"publish","type":"page","link":"https:\/\/creativet.eu\/?page_id=112","title":{"rendered":"Imprint"},"content":{"rendered":"<h3>Angaben gem\u00e4\u00df \u00a7 5 TMG und DSGVO<\/h3>\n<p>FA-Magdeburg GmbH<br \/>\nHerr Ralf Sachsenmaier (Gesch\u00e4ftsf\u00fchrer)<br \/>\nSch\u00f6nebecker Stra\u00dfe 119, 39104 Magdeburg<br \/>\nTel\u00a0 +49 (0) 391 60 30 13, Fax +49 (0) 391 60 30 14<br \/>\nE-Mail <a href=\"mailto:info@fa-md.de\">info[at]fa-md.de<\/a><\/p>\n<p>Eintragung im Handelsregister Stendal: 101967 USt-ID: DE139233645<\/p>\n<p>Bildnachweis: Vlad Marinescu<\/p>\n<p><strong>Streitschlichtung nach \u00a7 36 VSBG (Verbraucherstreitbeilegungsgesetz):<\/strong><br \/>\nDie Europ\u00e4ische Kommission stellt eine Plattform zur Online-Streitbeilegung (OS) bereit: <a href=\"https:\/\/ec.europa.eu\/consumers\/odr\">https:\/\/ec.europa.eu\/consumers\/odr<\/a>. Unsere E-Mail-Adresse finden Sie oben im Impressum. Wir sind nicht bereit oder verpflichtet, an Streitbeilegungsverfahren vor einer Verbraucherschlichtungsstelle teilzunehmen.<\/p>\n","protected":false},"excerpt":{"rendered":"<p>Angaben gem\u00e4\u00df \u00a7 5 TMG und DSGVO FA-Magdeburg GmbH Herr Ralf Sachsenmaier (Gesch\u00e4ftsf\u00fchrer) Sch\u00f6nebecker Stra\u00dfe 119, 39104 Magdeburg Tel\u00a0 +49 (0) 391 60 30 13, Fax +49 (0) 391 60 30 14 E-Mail info[at]fa-md.de Eintragung im Handelsregister Stendal: 101967 USt-ID: DE139233645 Bildnachweis: Vlad Marinescu Streitschlichtung nach \u00a7 36 VSBG (Verbraucherstreitbeilegungsgesetz): Die Europ\u00e4ische Kommission stellt eine [&hellip;]<\/p>\n","protected":false},"author":3,"featured_media":0,"parent":0,"menu_order":0,"comment_status":"closed","ping_status":"closed","template":"","meta":{"inline_featured_image":false,"footnotes":""},"class_list":["post-112","page","type-page","status-publish","czr-hentry"],"yoast_head":"<!-- This site is optimized with the Yoast SEO plugin v23.7 - https:\/\/yoast.com\/wordpress\/plugins\/seo\/ -->\n<title>Imprint - CreatiVET<\/title>\n<meta name=\"robots\" content=\"index, follow, max-snippet:-1, max-image-preview:large, max-video-preview:-1\" \/>\n<link rel=\"canonical\" href=\"https:\/\/creativet.eu\/?page_id=112\" \/>\n<meta property=\"og:locale\" content=\"en_GB\" \/>\n<meta property=\"og:type\" content=\"article\" \/>\n<meta property=\"og:title\" content=\"Imprint - CreatiVET\" \/>\n<meta property=\"og:description\" content=\"Angaben gem\u00e4\u00df \u00a7 5 TMG und DSGVO FA-Magdeburg GmbH Herr Ralf Sachsenmaier (Gesch\u00e4ftsf\u00fchrer) Sch\u00f6nebecker Stra\u00dfe 119, 39104 Magdeburg Tel\u00a0 +49 (0) 391 60 30 13, Fax +49 (0) 391 60 30 14 E-Mail info[at]fa-md.de Eintragung im Handelsregister Stendal: 101967 USt-ID: DE139233645 Bildnachweis: Vlad Marinescu Streitschlichtung nach \u00a7 36 VSBG (Verbraucherstreitbeilegungsgesetz): Die Europ\u00e4ische Kommission stellt eine [&hellip;]\" \/>\n<meta property=\"og:url\" content=\"https:\/\/creativet.eu\/?page_id=112\" \/>\n<meta property=\"og:site_name\" content=\"CreatiVET\" \/>\n<meta property=\"article:modified_time\" content=\"2021-05-12T12:12:34+00:00\" \/>\n<meta name=\"twitter:card\" content=\"summary_large_image\" \/>\n<meta name=\"twitter:label1\" content=\"Estimated reading time\" \/>\n\t<meta name=\"twitter:data1\" content=\"1 minute\" \/>\n<script type=\"application\/ld+json\" class=\"yoast-schema-graph\">{\"@context\":\"https:\/\/schema.org\",\"@graph\":[{\"@type\":\"WebPage\",\"@id\":\"https:\/\/creativet.eu\/?page_id=112\",\"url\":\"https:\/\/creativet.eu\/?page_id=112\",\"name\":\"Imprint - CreatiVET\",\"isPartOf\":{\"@id\":\"https:\/\/creativet.eu\/#website\"},\"datePublished\":\"2021-05-12T12:10:27+00:00\",\"dateModified\":\"2021-05-12T12:12:34+00:00\",\"breadcrumb\":{\"@id\":\"https:\/\/creativet.eu\/?page_id=112#breadcrumb\"},\"inLanguage\":\"en-GB\",\"potentialAction\":[{\"@type\":\"ReadAction\",\"target\":[\"https:\/\/creativet.eu\/?page_id=112\"]}]},{\"@type\":\"BreadcrumbList\",\"@id\":\"https:\/\/creativet.eu\/?page_id=112#breadcrumb\",\"itemListElement\":[{\"@type\":\"ListItem\",\"position\":1,\"name\":\"Home\",\"item\":\"https:\/\/creativet.eu\/\"},{\"@type\":\"ListItem\",\"position\":2,\"name\":\"Imprint\"}]},{\"@type\":\"WebSite\",\"@id\":\"https:\/\/creativet.eu\/#website\",\"url\":\"https:\/\/creativet.eu\/\",\"name\":\"CreatiVET\",\"description\":\"Strategies for staying creative in VET\",\"publisher\":{\"@id\":\"https:\/\/creativet.eu\/#organization\"},\"potentialAction\":[{\"@type\":\"SearchAction\",\"target\":{\"@type\":\"EntryPoint\",\"urlTemplate\":\"https:\/\/creativet.eu\/?s={search_term_string}\"},\"query-input\":{\"@type\":\"PropertyValueSpecification\",\"valueRequired\":true,\"valueName\":\"search_term_string\"}}],\"inLanguage\":\"en-GB\"},{\"@type\":\"Organization\",\"@id\":\"https:\/\/creativet.eu\/#organization\",\"name\":\"CreatiVET\",\"url\":\"https:\/\/creativet.eu\/\",\"logo\":{\"@type\":\"ImageObject\",\"inLanguage\":\"en-GB\",\"@id\":\"https:\/\/creativet.eu\/#\/schema\/logo\/image\/\",\"url\":\"https:\/\/creativet.eu\/wp-content\/uploads\/2020\/11\/CreatiVET-logo.png\",\"contentUrl\":\"https:\/\/creativet.eu\/wp-content\/uploads\/2020\/11\/CreatiVET-logo.png\",\"width\":200,\"height\":50,\"caption\":\"CreatiVET\"},\"image\":{\"@id\":\"https:\/\/creativet.eu\/#\/schema\/logo\/image\/\"}}]}<\/script>\n<!-- \/ Yoast SEO plugin. -->","yoast_head_json":{"title":"Imprint - CreatiVET","robots":{"index":"index","follow":"follow","max-snippet":"max-snippet:-1","max-image-preview":"max-image-preview:large","max-video-preview":"max-video-preview:-1"},"canonical":"https:\/\/creativet.eu\/?page_id=112","og_locale":"en_GB","og_type":"article","og_title":"Imprint - CreatiVET","og_description":"Angaben gem\u00e4\u00df \u00a7 5 TMG und DSGVO FA-Magdeburg GmbH Herr Ralf Sachsenmaier (Gesch\u00e4ftsf\u00fchrer) Sch\u00f6nebecker Stra\u00dfe 119, 39104 Magdeburg Tel\u00a0 +49 (0) 391 60 30 13, Fax +49 (0) 391 60 30 14 E-Mail info[at]fa-md.de Eintragung im Handelsregister Stendal: 101967 USt-ID: DE139233645 Bildnachweis: Vlad Marinescu Streitschlichtung nach \u00a7 36 VSBG (Verbraucherstreitbeilegungsgesetz): Die Europ\u00e4ische Kommission stellt eine [&hellip;]","og_url":"https:\/\/creativet.eu\/?page_id=112","og_site_name":"CreatiVET","article_modified_time":"2021-05-12T12:12:34+00:00","twitter_card":"summary_large_image","twitter_misc":{"Estimated reading time":"1 minute"},"schema":{"@context":"https:\/\/schema.org","@graph":[{"@type":"WebPage","@id":"https:\/\/creativet.eu\/?page_id=112","url":"https:\/\/creativet.eu\/?page_id=112","name":"Imprint - CreatiVET","isPartOf":{"@id":"https:\/\/creativet.eu\/#website"},"datePublished":"2021-05-12T12:10:27+00:00","dateModified":"2021-05-12T12:12:34+00:00","breadcrumb":{"@id":"https:\/\/creativet.eu\/?page_id=112#breadcrumb"},"inLanguage":"en-GB","potentialAction":[{"@type":"ReadAction","target":["https:\/\/creativet.eu\/?page_id=112"]}]},{"@type":"BreadcrumbList","@id":"https:\/\/creativet.eu\/?page_id=112#breadcrumb","itemListElement":[{"@type":"ListItem","position":1,"name":"Home","item":"https:\/\/creativet.eu\/"},{"@type":"ListItem","position":2,"name":"Imprint"}]},{"@type":"WebSite","@id":"https:\/\/creativet.eu\/#website","url":"https:\/\/creativet.eu\/","name":"CreatiVET","description":"Strategies for staying creative in VET","publisher":{"@id":"https:\/\/creativet.eu\/#organization"},"potentialAction":[{"@type":"SearchAction","target":{"@type":"EntryPoint","urlTemplate":"https:\/\/creativet.eu\/?s={search_term_string}"},"query-input":{"@type":"PropertyValueSpecification","valueRequired":true,"valueName":"search_term_string"}}],"inLanguage":"en-GB"},{"@type":"Organization","@id":"https:\/\/creativet.eu\/#organization","name":"CreatiVET","url":"https:\/\/creativet.eu\/","logo":{"@type":"ImageObject","inLanguage":"en-GB","@id":"https:\/\/creativet.eu\/#\/schema\/logo\/image\/","url":"https:\/\/creativet.eu\/wp-content\/uploads\/2020\/11\/CreatiVET-logo.png","contentUrl":"https:\/\/creativet.eu\/wp-content\/uploads\/2020\/11\/CreatiVET-logo.png","width":200,"height":50,"caption":"CreatiVET"},"image":{"@id":"https:\/\/creativet.eu\/#\/schema\/logo\/image\/"}}]}},"_links":{"self":[{"href":"https:\/\/creativet.eu\/index.php?rest_route=\/wp\/v2\/pages\/112","targetHints":{"allow":["GET"]}}],"collection":[{"href":"https:\/\/creativet.eu\/index.php?rest_route=\/wp\/v2\/pages"}],"about":[{"href":"https:\/\/creativet.eu\/index.php?rest_route=\/wp\/v2\/types\/page"}],"author":[{"embeddable":true,"href":"https:\/\/creativet.eu\/index.php?rest_route=\/wp\/v2\/users\/3"}],"replies":[{"embeddable":true,"href":"https:\/\/creativet.eu\/index.php?rest_route=%2Fwp%2Fv2%2Fcomments&post=112"}],"version-history":[{"count":3,"href":"https:\/\/creativet.eu\/index.php?rest_route=\/wp\/v2\/pages\/112\/revisions"}],"predecessor-version":[{"id":117,"href":"https:\/\/creativet.eu\/index.php?rest_route=\/wp\/v2\/pages\/112\/revisions\/117"}],"wp:attachment":[{"href":"https:\/\/creativet.eu\/index.php?rest_route=%2Fwp%2Fv2%2Fmedia&parent=112"}],"curies":[{"name":"wp","href":"https:\/\/api.w.org\/{rel}","templated":true}]}}